{"id":659,"date":"2026-02-24T13:46:03","date_gmt":"2026-02-24T16:46:03","guid":{"rendered":"https:\/\/www.cels.org.ar\/aula\/?page_id=659"},"modified":"2026-02-24T13:46:03","modified_gmt":"2026-02-24T16:46:03","slug":"recuperar-clave","status":"publish","type":"page","link":"https:\/\/www.cels.org.ar\/aula\/recuperar-clave\/","title":{"rendered":"Recuperar clave"},"content":{"rendered":"\n<p>Ingres\u00e1 tu nombre de usuario o direcci\u00f3n de correo electr\u00f3nico. Recibir\u00e1s un mensaje de correo electr\u00f3nico con instrucciones sobre c\u00f3mo restablecer tu contrase\u00f1a.<\/p>\n\n\n    <div class=\"aula-virtual-form-container\">\n                \n                    <form method=\"post\" action=\"\">\n                <p>\n                    <label style=\"font-weight:bold;\">Correo electr\u00f3nico o usuario:<\/label>\n                    <input type=\"text\" name=\"user_login\" required>\n                <\/p>\n                <input type=\"hidden\" name=\"aula_proceso_recupero\" value=\"1\">\n                <p style=\"margin-top: 20px;\">\n                    <input type=\"submit\" class=\"button wp-element-button\" value=\"Obtener una contrase\u00f1a nueva\" style=\"cursor: pointer;\">\n                <\/p>\n            <\/form>\n            <\/div>\n    \n","protected":false},"excerpt":{"rendered":"<p>Ingres\u00e1 tu nombre de usuario o direcci\u00f3n de correo electr\u00f3nico. Recibir\u00e1s un mensaje de correo electr\u00f3nico con instrucciones sobre c\u00f3mo restablecer tu contrase\u00f1a.<\/p>\n","protected":false},"author":652,"featured_media":0,"parent":0,"menu_order":0,"comment_status":"closed","ping_status":"closed","template":"","meta":{"footnotes":""},"class_list":["post-659","page","type-page","status-publish","hentry"],"_links":{"self":[{"href":"https:\/\/www.cels.org.ar\/aula\/wp-json\/wp\/v2\/pages\/659","targetHints":{"allow":["GET"]}}],"collection":[{"href":"https:\/\/www.cels.org.ar\/aula\/wp-json\/wp\/v2\/pages"}],"about":[{"href":"https:\/\/www.cels.org.ar\/aula\/wp-json\/wp\/v2\/types\/page"}],"author":[{"embeddable":true,"href":"https:\/\/www.cels.org.ar\/aula\/wp-json\/wp\/v2\/users\/652"}],"replies":[{"embeddable":true,"href":"https:\/\/www.cels.org.ar\/aula\/wp-json\/wp\/v2\/comments?post=659"}],"version-history":[{"count":1,"href":"https:\/\/www.cels.org.ar\/aula\/wp-json\/wp\/v2\/pages\/659\/revisions"}],"predecessor-version":[{"id":660,"href":"https:\/\/www.cels.org.ar\/aula\/wp-json\/wp\/v2\/pages\/659\/revisions\/660"}],"wp:attachment":[{"href":"https:\/\/www.cels.org.ar\/aula\/wp-json\/wp\/v2\/media?parent=659"}],"curies":[{"name":"wp","href":"https:\/\/api.w.org\/{rel}","templated":true}]}}